{"id":152,"date":"2021-03-08T18:44:24","date_gmt":"2021-03-08T17:44:24","guid":{"rendered":"https:\/\/agenceoptimum.com\/interim\/?page_id=152"},"modified":"2023-08-17T20:45:07","modified_gmt":"2023-08-17T18:45:07","slug":"presentation-de-lagence","status":"publish","type":"page","link":"https:\/\/agenceoptimum.com\/interim\/notre-agence\/presentation-de-lagence\/","title":{"rendered":"Qui sommes-nous ?"},"content":{"rendered":"\n<p>OPTIMUM INTERIM r\u00e9pond avec exactitude \u00e0 vos besoins exprim\u00e9s quel que soit votre domaine d\u2019activit\u00e9 en valorisant votre image.<\/p>\n\n\n\n<p>Situ\u00e9e \u00e0 Jarry, notre agence est sp\u00e9cialis\u00e9e dans le secteur du travail temporaire depuis 15 ans.<\/p>\n\n\n\n<p>Nos valeurs : R\u00e9activit\u00e9 &#8211; Rigueur &#8211; Disponibilit\u00e9 &#8211; Efficacit\u00e9.<\/p>\n\n\n\n<p>Pourquoi les entreprises choisissent de travailler avec nous&nbsp;?<\/p>\n\n\n\n<p>Nous nous effor\u00e7ons toujours d&rsquo;\u00eatre les meilleurs et de cr\u00e9er une solution originale pour chaque mandat de recrutement avec s\u00e9rieux et qualit\u00e9. Nos techniques de recrutements ont \u00e9t\u00e9 \u00e9prouv\u00e9es et adopt\u00e9es comme normes de l&rsquo;industrie, mais c&rsquo;est l&rsquo;\u00e9l\u00e9ment humain qui nous distingue des autres agences. Nous prenons le temps de comprendre les besoins de nos clients et les ambitions de carri\u00e8re de nos candidats, afin de produire le r\u00e9sultat id\u00e9al pour les deux parties.<\/p>\n\n\n\n<p>Cette approche collaborative se traduit par des relations engag\u00e9es \u00e0 long terme.<\/p>\n\n\n\n<p>Nous proposons \u00e9galement aux employeurs des solutions de recrutement de bout en bout.<\/p>\n","protected":false},"excerpt":{"rendered":"<p>OPTIMUM INTERIM r\u00e9pond avec exactitude \u00e0 vos besoins exprim\u00e9s quel que soit votre domaine d\u2019activit\u00e9 en valorisant votre image. Situ\u00e9e \u00e0 Jarry, notre agence est sp\u00e9cialis\u00e9e dans le secteur du travail temporaire depuis 15 ans. Nos valeurs : R\u00e9activit\u00e9 &#8211; Rigueur &#8211; Disponibilit\u00e9 &#8211; Efficacit\u00e9. Pourquoi les entreprises choisissent de travailler avec nous&nbsp;? Nous nous<\/p>\n","protected":false},"author":1,"featured_media":596,"parent":150,"menu_order":0,"comment_status":"closed","ping_status":"closed","template":"page-templates\/single-column.php","meta":{"footnotes":""},"class_list":["post-152","page","type-page","status-publish","has-post-thumbnail","hentry"],"acf":[],"_links":{"self":[{"href":"https:\/\/agenceoptimum.com\/interim\/wp-json\/wp\/v2\/pages\/152","targetHints":{"allow":["GET"]}}],"collection":[{"href":"https:\/\/agenceoptimum.com\/interim\/wp-json\/wp\/v2\/pages"}],"about":[{"href":"https:\/\/agenceoptimum.com\/interim\/wp-json\/wp\/v2\/types\/page"}],"author":[{"embeddable":true,"href":"https:\/\/agenceoptimum.com\/interim\/wp-json\/wp\/v2\/users\/1"}],"replies":[{"embeddable":true,"href":"https:\/\/agenceoptimum.com\/interim\/wp-json\/wp\/v2\/comments?post=152"}],"version-history":[{"count":12,"href":"https:\/\/agenceoptimum.com\/interim\/wp-json\/wp\/v2\/pages\/152\/revisions"}],"predecessor-version":[{"id":662,"href":"https:\/\/agenceoptimum.com\/interim\/wp-json\/wp\/v2\/pages\/152\/revisions\/662"}],"up":[{"embeddable":true,"href":"https:\/\/agenceoptimum.com\/interim\/wp-json\/wp\/v2\/pages\/150"}],"wp:featuredmedia":[{"embeddable":true,"href":"https:\/\/agenceoptimum.com\/interim\/wp-json\/wp\/v2\/media\/596"}],"wp:attachment":[{"href":"https:\/\/agenceoptimum.com\/interim\/wp-json\/wp\/v2\/media?parent=152"}],"curies":[{"name":"wp","href":"https:\/\/api.w.org\/{rel}","templated":true}]}}