{"id":166,"date":"2021-03-08T18:51:04","date_gmt":"2021-03-08T17:51:04","guid":{"rendered":"https:\/\/agenceoptimum.com\/interim\/?page_id=166"},"modified":"2021-05-18T18:57:40","modified_gmt":"2021-05-18T16:57:40","slug":"reussir-son-cv","status":"publish","type":"page","link":"https:\/\/agenceoptimum.com\/interim\/vous-etes-candidats\/nos-conseils-pour-reussir\/reussir-son-cv\/","title":{"rendered":"Comment bien r\u00e9diger son CV ?"},"content":{"rendered":"\n<p>R\u00e8gle importante pour avoir un CV de qualit\u00e9 : un CV doit \u00eatre compos\u00e9 d&rsquo;une seule page, sauf en cas d&rsquo;exception (beaucoup d&rsquo;exp\u00e9riences professionnelles).<\/p>\n\n\n\n<p>Lister les missions r\u00e9alis\u00e9es pour chaque poste occup\u00e9 : cela permettra au recruteur de se faire une petite id\u00e9e des comp\u00e9tences que vous poss\u00e9dez. <\/p>\n\n\n\n<p>Ne pas h\u00e9siter \u00e0 faire un CV original, un CV qui refl\u00e8te votre personnalit\u00e9.<\/p>\n\n\n\n<p>Indiquer le niveau des diff\u00e9rentes comp\u00e9tences list\u00e9es : avant tout pour permettre au recruteur d&rsquo;avoir une meilleure perception de vos comp\u00e9tences.<\/p>\n","protected":false},"excerpt":{"rendered":"<p>R\u00e8gle importante pour avoir un CV de qualit\u00e9 : un CV doit \u00eatre compos\u00e9 d&rsquo;une seule page, sauf en cas d&rsquo;exception (beaucoup d&rsquo;exp\u00e9riences professionnelles). Lister les missions r\u00e9alis\u00e9es pour chaque poste occup\u00e9 : cela permettra au recruteur de se faire une petite id\u00e9e des comp\u00e9tences que vous poss\u00e9dez. Ne pas h\u00e9siter \u00e0 faire un CV<\/p>\n","protected":false},"author":1,"featured_media":493,"parent":164,"menu_order":0,"comment_status":"closed","ping_status":"closed","template":"page-templates\/single-column.php","meta":{"footnotes":""},"class_list":["post-166","page","type-page","status-publish","has-post-thumbnail","hentry"],"acf":[],"_links":{"self":[{"href":"https:\/\/agenceoptimum.com\/interim\/wp-json\/wp\/v2\/pages\/166","targetHints":{"allow":["GET"]}}],"collection":[{"href":"https:\/\/agenceoptimum.com\/interim\/wp-json\/wp\/v2\/pages"}],"about":[{"href":"https:\/\/agenceoptimum.com\/interim\/wp-json\/wp\/v2\/types\/page"}],"author":[{"embeddable":true,"href":"https:\/\/agenceoptimum.com\/interim\/wp-json\/wp\/v2\/users\/1"}],"replies":[{"embeddable":true,"href":"https:\/\/agenceoptimum.com\/interim\/wp-json\/wp\/v2\/comments?post=166"}],"version-history":[{"count":8,"href":"https:\/\/agenceoptimum.com\/interim\/wp-json\/wp\/v2\/pages\/166\/revisions"}],"predecessor-version":[{"id":558,"href":"https:\/\/agenceoptimum.com\/interim\/wp-json\/wp\/v2\/pages\/166\/revisions\/558"}],"up":[{"embeddable":true,"href":"https:\/\/agenceoptimum.com\/interim\/wp-json\/wp\/v2\/pages\/164"}],"wp:featuredmedia":[{"embeddable":true,"href":"https:\/\/agenceoptimum.com\/interim\/wp-json\/wp\/v2\/media\/493"}],"wp:attachment":[{"href":"https:\/\/agenceoptimum.com\/interim\/wp-json\/wp\/v2\/media?parent=166"}],"curies":[{"name":"wp","href":"https:\/\/api.w.org\/{rel}","templated":true}]}}