{"id":170,"date":"2021-03-08T18:52:23","date_gmt":"2021-03-08T17:52:23","guid":{"rendered":"https:\/\/agenceoptimum.com\/interim\/?page_id=170"},"modified":"2021-05-18T18:59:37","modified_gmt":"2021-05-18T16:59:37","slug":"reussir-son-entretien","status":"publish","type":"page","link":"https:\/\/agenceoptimum.com\/interim\/vous-etes-candidats\/nos-conseils-pour-reussir\/reussir-son-entretien\/","title":{"rendered":"Comment r\u00e9ussir son entretien avec son futur employeur ?"},"content":{"rendered":"\n<p>Super, votre CV a plu et vous avez d\u00e9croch\u00e9 un entretien! <br>Probl\u00e8me?! Vous n&rsquo;\u00eates pas \u00e0 l&rsquo;aise avec l&rsquo;entretien&#8230; <\/p>\n\n\n\n<p>On vous livre les cl\u00e9s d&rsquo;un entretien r\u00e9ussi : <\/p>\n\n\n\n<ul class=\"wp-block-list\"><li>Soyez \u00e0 l&rsquo;heure : et oui la ponctualit\u00e9 est tr\u00e8s importante, n&rsquo;h\u00e9sitez pas \u00e0 arriver une demie heure plus t\u00f4t. Tout se joue lors des 5 premi\u00e8res secondes de l&rsquo;entretien. <\/li><li>Soignez votre tenue : une tenue propre et repass\u00e9e est importante, cependant \u00e9vitez les tenues trop classique dans lesquels vous ne serez pas \u00e0 l&rsquo;aise, privil\u00e9giez une tenue que vous avez d\u00e9j\u00e0 port\u00e9e. <\/li><li>Renseignez-vous sur l&rsquo;entreprise : il est important de montrer \u00e0 l&rsquo;\u00e9ventuel recruteur que vous connaissez l&rsquo;entreprise, que vous vous \u00eates renseignez sur l&rsquo;entreprise pour que vous puissiez mettre en avant ce que vous pouvez lui apporter. <\/li><li>Pr\u00e9parez votre discours : ATTENTION ! pas de par c\u0153ur, mais un discours structur\u00e9 et pr\u00e9par\u00e9 vous \u00e9vitera des blancs \u00e0 la fameuse question \u00a0\u00bb Parlez-moi de vous!\u00a0\u00bb <\/li><li>Saluez et remerciez: soignez l&rsquo;impression que le recruteur \u00e0 de vous jusqu&rsquo;\u00e0 la derni\u00e8re minute, finissez en remerciant : \u00a0\u00bb Je vous remercie pour l&rsquo;attention accord\u00e9e + formule de salutations\u00a0\u00bb effet garanti.<\/li><\/ul>\n","protected":false},"excerpt":{"rendered":"<p>Super, votre CV a plu et vous avez d\u00e9croch\u00e9 un entretien! Probl\u00e8me?! Vous n&rsquo;\u00eates pas \u00e0 l&rsquo;aise avec l&rsquo;entretien&#8230; On vous livre les cl\u00e9s d&rsquo;un entretien r\u00e9ussi : Soyez \u00e0 l&rsquo;heure : et oui la ponctualit\u00e9 est tr\u00e8s importante, n&rsquo;h\u00e9sitez pas \u00e0 arriver une demie heure plus t\u00f4t. Tout se joue lors des 5 premi\u00e8res<\/p>\n","protected":false},"author":1,"featured_media":498,"parent":164,"menu_order":0,"comment_status":"closed","ping_status":"closed","template":"page-templates\/single-column.php","meta":{"footnotes":""},"class_list":["post-170","page","type-page","status-publish","has-post-thumbnail","hentry"],"acf":[],"_links":{"self":[{"href":"https:\/\/agenceoptimum.com\/interim\/wp-json\/wp\/v2\/pages\/170","targetHints":{"allow":["GET"]}}],"collection":[{"href":"https:\/\/agenceoptimum.com\/interim\/wp-json\/wp\/v2\/pages"}],"about":[{"href":"https:\/\/agenceoptimum.com\/interim\/wp-json\/wp\/v2\/types\/page"}],"author":[{"embeddable":true,"href":"https:\/\/agenceoptimum.com\/interim\/wp-json\/wp\/v2\/users\/1"}],"replies":[{"embeddable":true,"href":"https:\/\/agenceoptimum.com\/interim\/wp-json\/wp\/v2\/comments?post=170"}],"version-history":[{"count":7,"href":"https:\/\/agenceoptimum.com\/interim\/wp-json\/wp\/v2\/pages\/170\/revisions"}],"predecessor-version":[{"id":560,"href":"https:\/\/agenceoptimum.com\/interim\/wp-json\/wp\/v2\/pages\/170\/revisions\/560"}],"up":[{"embeddable":true,"href":"https:\/\/agenceoptimum.com\/interim\/wp-json\/wp\/v2\/pages\/164"}],"wp:featuredmedia":[{"embeddable":true,"href":"https:\/\/agenceoptimum.com\/interim\/wp-json\/wp\/v2\/media\/498"}],"wp:attachment":[{"href":"https:\/\/agenceoptimum.com\/interim\/wp-json\/wp\/v2\/media?parent=170"}],"curies":[{"name":"wp","href":"https:\/\/api.w.org\/{rel}","templated":true}]}}