{"id":181,"date":"2021-03-08T18:56:39","date_gmt":"2021-03-08T17:56:39","guid":{"rendered":"https:\/\/agenceoptimum.com\/interim\/?page_id=181"},"modified":"2023-08-18T20:10:54","modified_gmt":"2023-08-18T18:10:54","slug":"nos-profils-candidats","status":"publish","type":"page","link":"https:\/\/agenceoptimum.com\/interim\/vous-etes-recruteur\/nos-profils-candidats\/","title":{"rendered":"Notre s\u00e9lection de candidats"},"content":{"rendered":"\n<p><\/p>\n\n\n\n<p class=\"has-text-align-center\">Avec plus de 5000 profils \u00e0 sa disposition, Optimum Interim met \u00e0 votre disposition des candidats qualifi\u00e9s et comp\u00e9tents.<\/p>\n\n\n\n<div class=\"wp-block-columns is-layout-flex wp-container-core-columns-is-layout-9d6595d7 wp-block-columns-is-layout-flex\">\n<div class=\"wp-block-column is-layout-flow wp-block-column-is-layout-flow\">\n<figure class=\"wp-block-image size-large is-style-default\"><img fetchpriority=\"high\" decoding=\"async\" width=\"333\" height=\"334\" src=\"https:\/\/agenceoptimum.com\/interim\/wp-content\/uploads\/sites\/3\/2021\/03\/image-2-edited.jpeg\" alt=\"BTP\" class=\"wp-image-377\" srcset=\"https:\/\/agenceoptimum.com\/interim\/wp-content\/uploads\/sites\/3\/2021\/03\/image-2-edited.jpeg 333w, https:\/\/agenceoptimum.com\/interim\/wp-content\/uploads\/sites\/3\/2021\/03\/image-2-edited-300x300.jpeg 300w, https:\/\/agenceoptimum.com\/interim\/wp-content\/uploads\/sites\/3\/2021\/03\/image-2-edited-150x150.jpeg 150w\" sizes=\"(max-width: 333px) 100vw, 333px\" \/><figcaption>BTP<\/figcaption><\/figure>\n\n\n\n<p><\/p>\n<\/div>\n\n\n\n<div class=\"wp-block-column is-layout-flow wp-block-column-is-layout-flow\">\n<figure class=\"wp-block-image size-large is-style-default\"><img decoding=\"async\" width=\"355\" height=\"356\" src=\"https:\/\/agenceoptimum.com\/interim\/wp-content\/uploads\/sites\/3\/2021\/03\/image-1-edited.jpeg\" alt=\"\u00c9v\u00e8nementiel\" class=\"wp-image-375\" srcset=\"https:\/\/agenceoptimum.com\/interim\/wp-content\/uploads\/sites\/3\/2021\/03\/image-1-edited.jpeg 355w, https:\/\/agenceoptimum.com\/interim\/wp-content\/uploads\/sites\/3\/2021\/03\/image-1-edited-300x300.jpeg 300w, https:\/\/agenceoptimum.com\/interim\/wp-content\/uploads\/sites\/3\/2021\/03\/image-1-edited-150x150.jpeg 150w\" sizes=\"(max-width: 355px) 100vw, 355px\" \/><figcaption>\u00c9v\u00e8nementiel<\/figcaption><\/figure>\n\n\n\n<p><\/p>\n<\/div>\n\n\n\n<div class=\"wp-block-column is-layout-flow wp-block-column-is-layout-flow\">\n<figure class=\"wp-block-image size-large is-style-default\"><img decoding=\"async\" width=\"333\" height=\"333\" src=\"https:\/\/agenceoptimum.com\/interim\/wp-content\/uploads\/sites\/3\/2021\/03\/image-4-edited.jpeg\" alt=\"Commerce\" class=\"wp-image-386\" srcset=\"https:\/\/agenceoptimum.com\/interim\/wp-content\/uploads\/sites\/3\/2021\/03\/image-4-edited.jpeg 333w, https:\/\/agenceoptimum.com\/interim\/wp-content\/uploads\/sites\/3\/2021\/03\/image-4-edited-300x300.jpeg 300w, https:\/\/agenceoptimum.com\/interim\/wp-content\/uploads\/sites\/3\/2021\/03\/image-4-edited-150x150.jpeg 150w\" sizes=\"(max-width: 333px) 100vw, 333px\" \/><figcaption>Commerce<\/figcaption><\/figure>\n\n\n\n<p><\/p>\n<\/div>\n\n\n\n<div class=\"wp-block-column is-layout-flow wp-block-column-is-layout-flow\">\n<figure class=\"wp-block-image size-large is-style-default\"><img loading=\"lazy\" decoding=\"async\" width=\"333\" height=\"334\" src=\"https:\/\/agenceoptimum.com\/interim\/wp-content\/uploads\/sites\/3\/2021\/03\/image-3-edited.jpeg\" alt=\"Restauration\" class=\"wp-image-381\" srcset=\"https:\/\/agenceoptimum.com\/interim\/wp-content\/uploads\/sites\/3\/2021\/03\/image-3-edited.jpeg 333w, https:\/\/agenceoptimum.com\/interim\/wp-content\/uploads\/sites\/3\/2021\/03\/image-3-edited-300x300.jpeg 300w, https:\/\/agenceoptimum.com\/interim\/wp-content\/uploads\/sites\/3\/2021\/03\/image-3-edited-150x150.jpeg 150w\" sizes=\"(max-width: 333px) 100vw, 333px\" \/><figcaption>Restauration<\/figcaption><\/figure>\n\n\n\n<p><\/p>\n<\/div>\n<\/div>\n","protected":false},"excerpt":{"rendered":"<p>Avec plus de 5000 profils \u00e0 sa disposition, Optimum Interim met \u00e0 votre disposition des candidats qualifi\u00e9s et comp\u00e9tents.<\/p>\n","protected":false},"author":1,"featured_media":510,"parent":178,"menu_order":0,"comment_status":"closed","ping_status":"closed","template":"page-templates\/template-widgetized.php","meta":{"footnotes":""},"class_list":["post-181","page","type-page","status-publish","has-post-thumbnail","hentry"],"acf":[],"_links":{"self":[{"href":"https:\/\/agenceoptimum.com\/interim\/wp-json\/wp\/v2\/pages\/181","targetHints":{"allow":["GET"]}}],"collection":[{"href":"https:\/\/agenceoptimum.com\/interim\/wp-json\/wp\/v2\/pages"}],"about":[{"href":"https:\/\/agenceoptimum.com\/interim\/wp-json\/wp\/v2\/types\/page"}],"author":[{"embeddable":true,"href":"https:\/\/agenceoptimum.com\/interim\/wp-json\/wp\/v2\/users\/1"}],"replies":[{"embeddable":true,"href":"https:\/\/agenceoptimum.com\/interim\/wp-json\/wp\/v2\/comments?post=181"}],"version-history":[{"count":21,"href":"https:\/\/agenceoptimum.com\/interim\/wp-json\/wp\/v2\/pages\/181\/revisions"}],"predecessor-version":[{"id":670,"href":"https:\/\/agenceoptimum.com\/interim\/wp-json\/wp\/v2\/pages\/181\/revisions\/670"}],"up":[{"embeddable":true,"href":"https:\/\/agenceoptimum.com\/interim\/wp-json\/wp\/v2\/pages\/178"}],"wp:featuredmedia":[{"embeddable":true,"href":"https:\/\/agenceoptimum.com\/interim\/wp-json\/wp\/v2\/media\/510"}],"wp:attachment":[{"href":"https:\/\/agenceoptimum.com\/interim\/wp-json\/wp\/v2\/media?parent=181"}],"curies":[{"name":"wp","href":"https:\/\/api.w.org\/{rel}","templated":true}]}}