{"id":183,"date":"2021-03-08T18:57:07","date_gmt":"2021-03-08T17:57:07","guid":{"rendered":"https:\/\/agenceoptimum.com\/interim\/?page_id=183"},"modified":"2021-05-18T19:03:28","modified_gmt":"2021-05-18T17:03:28","slug":"pourquoi-optimum","status":"publish","type":"page","link":"https:\/\/agenceoptimum.com\/interim\/vous-etes-recruteur\/pourquoi-optimum\/","title":{"rendered":"Pourquoi collaborer avec OPTIMUM ?"},"content":{"rendered":"\n<p>L&rsquo;externalisation de la force de vente est devenue un choix strat\u00e9gique pour acc\u00e9l\u00e9rer ses r\u00e9sultats commerciaux et s&rsquo;assurer un d\u00e9veloppement sur le long terme. <\/p>\n\n\n\n<p>Faire appel \u00e0 une force de vente suppl\u00e9tive c&rsquo;est avoir la possibilit\u00e9 de disposer d&rsquo;une force commerciale qui \u00e9volue en fonction de vos besoins. <\/p>\n\n\n\n<p>Le Travail Temporaire est la solution id\u00e9ale pour d\u00e9velopper ses forces sans contraintes. <\/p>\n\n\n\n<p>Que vous soyez en Guadeloupe ou en Martinique, il y a sans un doute une mission temporaire ou durable sur laquelle OPTIMUM peut vous accompagner.<\/p>\n","protected":false},"excerpt":{"rendered":"<p>L&rsquo;externalisation de la force de vente est devenue un choix strat\u00e9gique pour acc\u00e9l\u00e9rer ses r\u00e9sultats commerciaux et s&rsquo;assurer un d\u00e9veloppement sur le long terme. Faire appel \u00e0 une force de vente suppl\u00e9tive c&rsquo;est avoir la possibilit\u00e9 de disposer d&rsquo;une force commerciale qui \u00e9volue en fonction de vos besoins. Le Travail Temporaire est la solution id\u00e9ale<\/p>\n","protected":false},"author":1,"featured_media":515,"parent":178,"menu_order":0,"comment_status":"closed","ping_status":"closed","template":"page-templates\/template-widgetized.php","meta":{"footnotes":""},"class_list":["post-183","page","type-page","status-publish","has-post-thumbnail","hentry"],"acf":[],"_links":{"self":[{"href":"https:\/\/agenceoptimum.com\/interim\/wp-json\/wp\/v2\/pages\/183","targetHints":{"allow":["GET"]}}],"collection":[{"href":"https:\/\/agenceoptimum.com\/interim\/wp-json\/wp\/v2\/pages"}],"about":[{"href":"https:\/\/agenceoptimum.com\/interim\/wp-json\/wp\/v2\/types\/page"}],"author":[{"embeddable":true,"href":"https:\/\/agenceoptimum.com\/interim\/wp-json\/wp\/v2\/users\/1"}],"replies":[{"embeddable":true,"href":"https:\/\/agenceoptimum.com\/interim\/wp-json\/wp\/v2\/comments?post=183"}],"version-history":[{"count":9,"href":"https:\/\/agenceoptimum.com\/interim\/wp-json\/wp\/v2\/pages\/183\/revisions"}],"predecessor-version":[{"id":562,"href":"https:\/\/agenceoptimum.com\/interim\/wp-json\/wp\/v2\/pages\/183\/revisions\/562"}],"up":[{"embeddable":true,"href":"https:\/\/agenceoptimum.com\/interim\/wp-json\/wp\/v2\/pages\/178"}],"wp:featuredmedia":[{"embeddable":true,"href":"https:\/\/agenceoptimum.com\/interim\/wp-json\/wp\/v2\/media\/515"}],"wp:attachment":[{"href":"https:\/\/agenceoptimum.com\/interim\/wp-json\/wp\/v2\/media?parent=183"}],"curies":[{"name":"wp","href":"https:\/\/api.w.org\/{rel}","templated":true}]}}