{"id":325,"date":"2021-03-12T21:57:04","date_gmt":"2021-03-12T20:57:04","guid":{"rendered":"https:\/\/agenceoptimum.com\/interim\/?page_id=325"},"modified":"2023-08-31T22:47:50","modified_gmt":"2023-08-31T20:47:50","slug":"mentions-legales","status":"publish","type":"page","link":"https:\/\/agenceoptimum.com\/interim\/mentions-legales\/","title":{"rendered":"Mentions L\u00e9gales"},"content":{"rendered":"\n<p>OPTIMUM HOTESSES vous remercie de votre visite sur notre site Internet.<\/p>\n\n\n\n<p>Conform\u00e9ment aux dispositions des Articles 6-III et 19 de la Loi n\u00b02004-575 du 21 juin 2004 pour la Confiance dans l\u2019\u00e9conomie num\u00e9rique, dite L.C.E.N., il est port\u00e9 \u00e0 la connaissance des utilisateurs et visiteurs, ci-apr\u00e8s l\u00a0\u00bb\u00a0\u00bb<strong>Utilisateur<\/strong>\u00ab\u00a0, du site www.agenceoptimum.com, ci-apr\u00e8s le \u00ab\u00a0<strong>Site<\/strong>\u00ab\u00a0, les pr\u00e9sentes mentions l\u00e9gales.<\/p>\n\n\n\n<p>La connexion et la navigation sur le Site par l\u2019Utilisateur implique acceptation int\u00e9grale et sans r\u00e9serve des pr\u00e9sentes mentions l\u00e9gales.<\/p>\n\n\n\n<p>Ces derni\u00e8res sont accessibles sur le Site \u00e0 la rubrique \u00ab <strong>Mentions l\u00e9gales <\/strong>\u00bb.<\/p>\n\n\n\n<p>Le site Internet&nbsp;<a href=\"http:\/\/www.agenceoptimum.com\"><strong>www.agenceoptimum.com<\/strong><\/a><strong> <\/strong>et les pr\u00e9sentes conditions g\u00e9n\u00e9rales sont soumises au droit fran\u00e7ais et sont r\u00e9dig\u00e9es en fran\u00e7ais.<\/p>\n\n\n\n<p>Le site<\/p>\n\n\n\n<p><strong>ARTICLE 1 &#8211; L&rsquo;EDITEUR<\/strong><\/p>\n\n\n\n<p>La cr\u00e9ation, l\u2019\u00e9dition et la maintenance du Site est assur\u00e9e par l\u2019agence Latitude Sud SARL dont le si\u00e8ge social est situ\u00e9 au Rue Robert FULTON 97122 BAIE-MAHAULT,<br>Num\u00e9ro de t\u00e9l\u00e9phone 0590922948.<\/p>\n\n\n\n<p>Adresse e-mail&nbsp;: <a href=\"mailto:contact@latitudesud.gp\">contact@latitudesud.gp<\/a>.<\/p>\n\n\n\n<p><br><br>La Direction de la publication est assur\u00e9e par OPTIMUM HOTESSES, repr\u00e9sent\u00e9e par Natacha CALVADOS PECCATUS.<\/p>\n\n\n\n<p><strong>ARTICLE 2 &#8211; L&rsquo;HEBERGEUR<\/strong><\/p>\n\n\n\n<p>L&rsquo;h\u00e9bergeur du Site est la soci\u00e9t\u00e9 OVH SAS, dont le si\u00e8ge social est situ\u00e9 au 2, rue Kellermann, 59100 Roubaix , av<strong>ec le num\u00e9ro de t\u00e9l\u00e9phone : 0972101007<\/strong><\/p>\n\n\n\n<p><strong>ARTICLE 3 &#8211; ACCES AU SITE<\/strong><\/p>\n\n\n\n<p>Le Site est accessible en tout endroit, 7j\/7, 24h\/24 sauf cas de force majeure, interruption programm\u00e9e ou non et pouvant d\u00e9coulant d\u2019une n\u00e9cessit\u00e9 de maintenance.<\/p>\n\n\n\n<p>En cas de modification, interruption ou suspension du Site, l&rsquo;\u00c9diteur ne saurait \u00eatre tenu responsable.<\/p>\n\n\n\n<p><strong>ARTICLE 4 &#8211; COLLECTE DES DONNEES<\/strong><\/p>\n\n\n\n<p>Le Site assure \u00e0 l&rsquo;Utilisateur une collecte et un traitement d&rsquo;informations personnelles dans le respect de la vie priv\u00e9e conform\u00e9ment \u00e0 la loi n\u00b078-17 du 6 janvier 1978 relative \u00e0 l&rsquo;informatique, aux fichiers et aux libert\u00e9s.<\/p>\n\n\n\n<p>En vertu de la loi Informatique et Libert\u00e9s, en date du 6 janvier 1978, l&rsquo;Utilisateur dispose d&rsquo;un droit d&rsquo;acc\u00e8s, de rectification, de suppression et d&rsquo;opposition de ses donn\u00e9es personnelles. L&rsquo;Utilisateur exerce ce droit : par mail \u00e0 l&rsquo;adresse <a href=\"mailto:contact@agenceoptimum.com\">contact@agenceoptimum.com<\/a><\/p>\n\n\n\n<p>Toute utilisation, reproduction, diffusion, commercialisation, modification de toute ou partie du Site, sans autorisation de l\u2019Editeur est prohib\u00e9e et pourra entra\u00eener des actions et poursuites judiciaires telles que notamment pr\u00e9vues par le Code de la propri\u00e9t\u00e9 intellectuelle et le Code civil.<\/p>\n\n\n\n<p>Pour plus d\u2019informations, se reporter aux CGU du site www.agenceoptimum.com accessible \u00e0 la rubrique \u00ab\u00a0CGU\u00a0\u00bb<\/p>\n\n\n\n<p>Si vous \u00eates abonn\u00e9s \u00e0 des services d\u2019information par courrier \u00e9lectronique (\u00ab newsletter \u00bb) vous pouvez demander \u00e0 ne plus recevoir ces courriers.<\/p>\n\n\n\n<p>Photos : Certaines images figurants sur ce site proviennent des bases de donn\u00e9es CANVA &#8211; Contrat de licence Free Media <a href=\"https:\/\/www.canva.com\/fr_fr\/conditions-generales-utilisation\/free-media\/\" target=\"_blank\" rel=\"noopener\">https:\/\/www.canva.com\/fr_fr\/conditions-generales-utilisation\/free-media\/<\/a> et aussi&nbsp; de DepositPhotos.inc <a href=\"https:\/\/depositphotos.com\/fr\/license.html\" target=\"_blank\" rel=\"noopener\">https:\/\/depositphotos.com\/fr\/license.html<\/a> &nbsp;.<\/p>\n\n\n\n<p>OPTIMUM HOTESSES se r\u00e9serve le droit de modifier les pr\u00e9sentes mentions \u00e0 tout moment.<\/p>\n\n\n\n<p>L\u2019utilisateur s\u2019engage \u00e0 les consulter de fa\u00e7on r\u00e9guli\u00e8re.<\/p>\n\n\n\n<p><strong>Protection des donn\u00e9es personnelles :<\/strong><\/p>\n\n\n\n<p>La consultation du site&nbsp;<a href=\"http:\/\/www.agenceoptimum.com\"><strong>www.agenceoptimum.com<\/strong><\/a>&nbsp;est possible sans que vous ayez \u00e0 r\u00e9v\u00e9ler votre identit\u00e9 ou toute autre information \u00e0 caract\u00e8re personnel vous concernant.<\/p>\n\n\n\n<p>La soci\u00e9t\u00e9 OPTIMUM HOTESSES s\u2019engage \u00e0 respecter votre vie priv\u00e9e et \u00e0 prot\u00e9ger les informations que vous lui communiquez.<\/p>\n\n\n\n<p>En particulier, les donn\u00e9es personnelles collect\u00e9es sur le site Internet&nbsp;<a href=\"http:\/\/www.agenceoptimum.com\"><strong>www.agenceoptimum.com<\/strong><\/a><strong> <\/strong>sont destin\u00e9es \u00e0 l\u2019usage de&nbsp;<strong>OPTIMUM HOTESSES<\/strong>. Elles sont confidentielles et trait\u00e9es comme telles.<\/p>\n\n\n\n<p>Concernant les informations \u00e0 caract\u00e8re nominatif que vous seriez amen\u00e9s \u00e0 nous communiquer, vous b\u00e9n\u00e9ficiez d\u2019un droit d\u2019acc\u00e8s et de rectification conform\u00e9ment \u00e0 la loi fran\u00e7aise Informatique et Libert\u00e9 n\u00b0 78-17 du 6 janvier 1978.<\/p>\n\n\n\n<p>Vous pouvez exercer gratuitement votre demande de droit de rectification en nous envoyant un mail \u00e0 l\u2019adresse contact@agenceoptimum.com.<\/p>\n\n\n\n<p>Si vous \u00eates abonn\u00e9s \u00e0 des services d\u2019information par courrier \u00e9lectronique (\u00ab newsletter \u00bb) vous pouvez demander \u00e0 ne plus recevoir ces courriers.<\/p>\n\n\n\n<p>Seul le personnel de&nbsp;<strong>OPTIMUM HOTESSES<\/strong>&nbsp;a acc\u00e8s aux donn\u00e9es.<\/p>\n\n\n\n<h3 class=\"wp-block-heading\">Limitation de responsabilit\u00e9 :<\/h3>\n\n\n\n<p>Vous utilisez le site www.agenceoptimum.com sous votre seule et enti\u00e8re responsabilit\u00e9.&nbsp;<strong>OPTIMUM HOTESSES<\/strong>&nbsp;ne pourra \u00eatre tenu pour responsable des dommages directs ou indirects, tels que, notamment, pr\u00e9judice mat\u00e9riel, pertes de donn\u00e9es ou de programme, pr\u00e9judice financier, r\u00e9sultant de l\u2019utilisation de ce site ou de sites qui lui sont li\u00e9s.<\/p>\n\n\n\n<h3 class=\"wp-block-heading\">Informations relatives aux produits et services&nbsp;:<\/h3>\n\n\n\n<p>Dans le cadre d\u2019une politique d\u2019am\u00e9lioration constante de ses produits et services,&nbsp;<strong>OPTIMUM HOTESSES<\/strong>&nbsp;peut modifier \u00e0 tout moment les caract\u00e9ristiques de son offre.<\/p>\n\n\n\n<h3 class=\"wp-block-heading\">&nbsp;<\/h3>\n\n\n\n<p>Donn\u00e9es statistiques de suivi :<\/p>\n\n\n\n<p>Nous utilisons les donn\u00e9es de connexion pour nos statistiques de consultation (type de navigateur, nombre de visiteurs, rubriques visit\u00e9es\u2026) pour l\u2019optimisation de notre site en termes de rubriques et de navigation, mais ces informations ne sont pas transmises \u00e0 des tiers.<\/p>\n\n\n\n<p>Mise \u00e0 jour des mentions l\u00e9gales&nbsp;:<\/p>\n\n\n\n<p><strong>OPTIMUM HOTESSES<\/strong>&nbsp;se r\u00e9serve le droit de modifier et de mettre \u00e0 jour, sans pr\u00e9avis, les pr\u00e9sentes mentions l\u00e9gales et tous les \u00e9l\u00e9ments, produits pr\u00e9sent\u00e9s sur le site. L\u2019ensemble de ces modifications s\u2019impose aux internautes qui doivent consulter les pr\u00e9sentes Conditions G\u00e9n\u00e9rales lors de chaque connexion.<\/p>\n","protected":false},"excerpt":{"rendered":"<p>OPTIMUM HOTESSES vous remercie de votre visite sur notre site Internet. Conform\u00e9ment aux dispositions des Articles 6-III et 19 de la Loi n\u00b02004-575 du 21 juin 2004 pour la Confiance dans l\u2019\u00e9conomie num\u00e9rique, dite L.C.E.N., il est port\u00e9 \u00e0 la connaissance des utilisateurs et visiteurs, ci-apr\u00e8s l\u00a0\u00bb\u00a0\u00bbUtilisateur\u00ab\u00a0, du site www.agenceoptimum.com, ci-apr\u00e8s le \u00ab\u00a0Site\u00ab\u00a0, les pr\u00e9sentes<\/p>\n","protected":false},"author":1,"featured_media":0,"parent":0,"menu_order":0,"comment_status":"closed","ping_status":"closed","template":"","meta":{"footnotes":""},"class_list":["post-325","page","type-page","status-publish","hentry"],"acf":[],"_links":{"self":[{"href":"https:\/\/agenceoptimum.com\/interim\/wp-json\/wp\/v2\/pages\/325","targetHints":{"allow":["GET"]}}],"collection":[{"href":"https:\/\/agenceoptimum.com\/interim\/wp-json\/wp\/v2\/pages"}],"about":[{"href":"https:\/\/agenceoptimum.com\/interim\/wp-json\/wp\/v2\/types\/page"}],"author":[{"embeddable":true,"href":"https:\/\/agenceoptimum.com\/interim\/wp-json\/wp\/v2\/users\/1"}],"replies":[{"embeddable":true,"href":"https:\/\/agenceoptimum.com\/interim\/wp-json\/wp\/v2\/comments?post=325"}],"version-history":[{"count":3,"href":"https:\/\/agenceoptimum.com\/interim\/wp-json\/wp\/v2\/pages\/325\/revisions"}],"predecessor-version":[{"id":682,"href":"https:\/\/agenceoptimum.com\/interim\/wp-json\/wp\/v2\/pages\/325\/revisions\/682"}],"wp:attachment":[{"href":"https:\/\/agenceoptimum.com\/interim\/wp-json\/wp\/v2\/media?parent=325"}],"curies":[{"name":"wp","href":"https:\/\/api.w.org\/{rel}","templated":true}]}}